{"id":786,"date":"2025-10-11T12:25:48","date_gmt":"2025-10-11T10:25:48","guid":{"rendered":"https:\/\/jazzclub14.nl\/?page_id=786"},"modified":"2026-01-04T11:30:14","modified_gmt":"2026-01-04T09:30:14","slug":"twin-town-jazz-2025","status":"publish","type":"page","link":"https:\/\/www.jazzclub14.nl\/de\/twin-town-jazz-2025\/","title":{"rendered":"Twin Town Jazz 2025"},"content":{"rendered":"","protected":false},"excerpt":{"rendered":"","protected":false},"author":1,"featured_media":0,"parent":0,"menu_order":0,"comment_status":"closed","ping_status":"closed","template":"blocks.php","meta":{"_acf_changed":false,"footnotes":""},"class_list":["post-786","page","type-page","status-publish","hentry"],"acf":[],"yoast_head":"<!-- This site is optimized with the Yoast SEO plugin v25.7 - https:\/\/yoast.com\/wordpress\/plugins\/seo\/ -->\n<title>Twin Town Jazz 2025 - Jazzclub 14<\/title>\n<meta name=\"description\" content=\"Vom 12. bis 14. September 2025 fand das Twin Town Jazz Festival statt. Unterst\u00fctzt von der Euregio Rhein-Maas-Nord boten die St\u00e4dte M\u00f6nchengladbach und Roermond ein abwechslungsreiches musikalisches Programm mit deutschen und niederl\u00e4ndischen Jazzbands, die grenz\u00fcberschreitend auftraten.\" \/>\n<meta name=\"robots\" content=\"index, follow, max-snippet:-1, max-image-preview:large, max-video-preview:-1\" \/>\n<link rel=\"canonical\" href=\"https:\/\/www.jazzclub14.nl\/de\/twin-town-jazz-2025\/\" \/>\n<meta property=\"og:locale\" content=\"de_DE\" \/>\n<meta property=\"og:type\" content=\"article\" \/>\n<meta property=\"og:title\" content=\"Twin Town Jazz 2025 - Jazzclub 14\" \/>\n<meta property=\"og:description\" content=\"Vom 12. bis 14. September 2025 fand das Twin Town Jazz Festival statt. Unterst\u00fctzt von der Euregio Rhein-Maas-Nord boten die St\u00e4dte M\u00f6nchengladbach und Roermond ein abwechslungsreiches musikalisches Programm mit deutschen und niederl\u00e4ndischen Jazzbands, die grenz\u00fcberschreitend auftraten.\" \/>\n<meta property=\"og:url\" content=\"https:\/\/www.jazzclub14.nl\/de\/twin-town-jazz-2025\/\" \/>\n<meta property=\"og:site_name\" content=\"Jazzclub 14\" \/>\n<meta property=\"article:modified_time\" content=\"2026-01-04T09:30:14+00:00\" \/>\n<meta name=\"twitter:card\" content=\"summary_large_image\" \/>\n<script type=\"application\/ld+json\" class=\"yoast-schema-graph\">{\"@context\":\"https:\/\/schema.org\",\"@graph\":[{\"@type\":\"WebPage\",\"@id\":\"https:\/\/www.jazzclub14.nl\/de\/twin-town-jazz-2025\/\",\"url\":\"https:\/\/www.jazzclub14.nl\/de\/twin-town-jazz-2025\/\",\"name\":\"Twin Town Jazz 2025 - Jazzclub 14\",\"isPartOf\":{\"@id\":\"https:\/\/jazzclub14.nl\/#website\"},\"datePublished\":\"2025-10-11T10:25:48+00:00\",\"dateModified\":\"2026-01-04T09:30:14+00:00\",\"description\":\"Vom 12. bis 14. September 2025 fand das Twin Town Jazz Festival statt. Unterst\u00fctzt von der Euregio Rhein-Maas-Nord boten die St\u00e4dte M\u00f6nchengladbach und Roermond ein abwechslungsreiches musikalisches Programm mit deutschen und niederl\u00e4ndischen Jazzbands, die grenz\u00fcberschreitend auftraten.\",\"breadcrumb\":{\"@id\":\"https:\/\/www.jazzclub14.nl\/de\/twin-town-jazz-2025\/#breadcrumb\"},\"inLanguage\":\"de\",\"potentialAction\":[{\"@type\":\"ReadAction\",\"target\":[\"https:\/\/www.jazzclub14.nl\/de\/twin-town-jazz-2025\/\"]}]},{\"@type\":\"BreadcrumbList\",\"@id\":\"https:\/\/www.jazzclub14.nl\/de\/twin-town-jazz-2025\/#breadcrumb\",\"itemListElement\":[{\"@type\":\"ListItem\",\"position\":1,\"name\":\"Home\",\"item\":\"https:\/\/www.jazzclub14.nl\/de\/\"},{\"@type\":\"ListItem\",\"position\":2,\"name\":\"Twin Town Jazz 2025\"}]},{\"@type\":\"WebSite\",\"@id\":\"https:\/\/jazzclub14.nl\/#website\",\"url\":\"https:\/\/jazzclub14.nl\/\",\"name\":\"Jazzclub 14\",\"description\":\"Samen verbinden, ontmoeten en genieten\",\"potentialAction\":[{\"@type\":\"SearchAction\",\"target\":{\"@type\":\"EntryPoint\",\"urlTemplate\":\"https:\/\/jazzclub14.nl\/?s={search_term_string}\"},\"query-input\":{\"@type\":\"PropertyValueSpecification\",\"valueRequired\":true,\"valueName\":\"search_term_string\"}}],\"inLanguage\":\"de\"}]}<\/script>\n<!-- \/ Yoast SEO plugin. -->","yoast_head_json":{"title":"Twin Town Jazz 2025 - Jazzclub 14","description":"Vom 12. bis 14. September 2025 fand das Twin Town Jazz Festival statt. Unterst\u00fctzt von der Euregio Rhein-Maas-Nord boten die St\u00e4dte M\u00f6nchengladbach und Roermond ein abwechslungsreiches musikalisches Programm mit deutschen und niederl\u00e4ndischen Jazzbands, die grenz\u00fcberschreitend auftraten.","robots":{"index":"index","follow":"follow","max-snippet":"max-snippet:-1","max-image-preview":"max-image-preview:large","max-video-preview":"max-video-preview:-1"},"canonical":"https:\/\/www.jazzclub14.nl\/de\/twin-town-jazz-2025\/","og_locale":"de_DE","og_type":"article","og_title":"Twin Town Jazz 2025 - Jazzclub 14","og_description":"Vom 12. bis 14. September 2025 fand das Twin Town Jazz Festival statt. Unterst\u00fctzt von der Euregio Rhein-Maas-Nord boten die St\u00e4dte M\u00f6nchengladbach und Roermond ein abwechslungsreiches musikalisches Programm mit deutschen und niederl\u00e4ndischen Jazzbands, die grenz\u00fcberschreitend auftraten.","og_url":"https:\/\/www.jazzclub14.nl\/de\/twin-town-jazz-2025\/","og_site_name":"Jazzclub 14","article_modified_time":"2026-01-04T09:30:14+00:00","twitter_card":"summary_large_image","schema":{"@context":"https:\/\/schema.org","@graph":[{"@type":"WebPage","@id":"https:\/\/www.jazzclub14.nl\/de\/twin-town-jazz-2025\/","url":"https:\/\/www.jazzclub14.nl\/de\/twin-town-jazz-2025\/","name":"Twin Town Jazz 2025 - Jazzclub 14","isPartOf":{"@id":"https:\/\/jazzclub14.nl\/#website"},"datePublished":"2025-10-11T10:25:48+00:00","dateModified":"2026-01-04T09:30:14+00:00","description":"Vom 12. bis 14. September 2025 fand das Twin Town Jazz Festival statt. Unterst\u00fctzt von der Euregio Rhein-Maas-Nord boten die St\u00e4dte M\u00f6nchengladbach und Roermond ein abwechslungsreiches musikalisches Programm mit deutschen und niederl\u00e4ndischen Jazzbands, die grenz\u00fcberschreitend auftraten.","breadcrumb":{"@id":"https:\/\/www.jazzclub14.nl\/de\/twin-town-jazz-2025\/#breadcrumb"},"inLanguage":"de","potentialAction":[{"@type":"ReadAction","target":["https:\/\/www.jazzclub14.nl\/de\/twin-town-jazz-2025\/"]}]},{"@type":"BreadcrumbList","@id":"https:\/\/www.jazzclub14.nl\/de\/twin-town-jazz-2025\/#breadcrumb","itemListElement":[{"@type":"ListItem","position":1,"name":"Home","item":"https:\/\/www.jazzclub14.nl\/de\/"},{"@type":"ListItem","position":2,"name":"Twin Town Jazz 2025"}]},{"@type":"WebSite","@id":"https:\/\/jazzclub14.nl\/#website","url":"https:\/\/jazzclub14.nl\/","name":"Jazzclub 14","description":"Samen verbinden, ontmoeten en genieten","potentialAction":[{"@type":"SearchAction","target":{"@type":"EntryPoint","urlTemplate":"https:\/\/jazzclub14.nl\/?s={search_term_string}"},"query-input":{"@type":"PropertyValueSpecification","valueRequired":true,"valueName":"search_term_string"}}],"inLanguage":"de"}]}},"_links":{"self":[{"href":"https:\/\/www.jazzclub14.nl\/de\/wp-json\/wp\/v2\/pages\/786","targetHints":{"allow":["GET"]}}],"collection":[{"href":"https:\/\/www.jazzclub14.nl\/de\/wp-json\/wp\/v2\/pages"}],"about":[{"href":"https:\/\/www.jazzclub14.nl\/de\/wp-json\/wp\/v2\/types\/page"}],"author":[{"embeddable":true,"href":"https:\/\/www.jazzclub14.nl\/de\/wp-json\/wp\/v2\/users\/1"}],"replies":[{"embeddable":true,"href":"https:\/\/www.jazzclub14.nl\/de\/wp-json\/wp\/v2\/comments?post=786"}],"version-history":[{"count":3,"href":"https:\/\/www.jazzclub14.nl\/de\/wp-json\/wp\/v2\/pages\/786\/revisions"}],"predecessor-version":[{"id":827,"href":"https:\/\/www.jazzclub14.nl\/de\/wp-json\/wp\/v2\/pages\/786\/revisions\/827"}],"wp:attachment":[{"href":"https:\/\/www.jazzclub14.nl\/de\/wp-json\/wp\/v2\/media?parent=786"}],"curies":[{"name":"wp","href":"https:\/\/api.w.org\/{rel}","templated":true}]}}