{"id":473,"date":"2025-07-23T18:15:03","date_gmt":"2025-07-23T16:15:03","guid":{"rendered":"http:\/\/jazzclub14.test\/?page_id=473"},"modified":"2025-10-01T18:38:36","modified_gmt":"2025-10-01T16:38:36","slug":"twin-town-jazz","status":"publish","type":"page","link":"https:\/\/www.jazzclub14.nl\/de\/twin-town-jazz\/","title":{"rendered":"Twin Town Jazz"},"content":{"rendered":"","protected":false},"excerpt":{"rendered":"","protected":false},"author":1,"featured_media":0,"parent":0,"menu_order":0,"comment_status":"closed","ping_status":"closed","template":"blocks.php","meta":{"_acf_changed":false,"footnotes":""},"class_list":["post-473","page","type-page","status-publish","hentry"],"acf":[],"yoast_head":"<!-- This site is optimized with the Yoast SEO plugin v25.7 - https:\/\/yoast.com\/wordpress\/plugins\/seo\/ -->\n<title>Twin Town Jazz - Jazzclub 14<\/title>\n<meta name=\"description\" content=\"Vom 12. bis zum 14. September 2025 findet das Twin Town Jazz Festival statt.Das Festival ist nicht nur ein musikalischer H\u00f6hepunkt, sondern auch ein Ausdruck der lebendigen St\u00e4dtepartnerschaft und der freundschaftlichen Beziehung zwischen unseren beiden St\u00e4dten.\" \/>\n<meta name=\"robots\" content=\"index, follow, max-snippet:-1, max-image-preview:large, max-video-preview:-1\" \/>\n<link rel=\"canonical\" href=\"https:\/\/www.jazzclub14.nl\/de\/twin-town-jazz\/\" \/>\n<meta property=\"og:locale\" content=\"de_DE\" \/>\n<meta property=\"og:type\" content=\"article\" \/>\n<meta property=\"og:title\" content=\"Twin Town Jazz - Jazzclub 14\" \/>\n<meta property=\"og:description\" content=\"Vom 12. bis zum 14. September 2025 findet das Twin Town Jazz Festival statt.Das Festival ist nicht nur ein musikalischer H\u00f6hepunkt, sondern auch ein Ausdruck der lebendigen St\u00e4dtepartnerschaft und der freundschaftlichen Beziehung zwischen unseren beiden St\u00e4dten.\" \/>\n<meta property=\"og:url\" content=\"https:\/\/www.jazzclub14.nl\/de\/twin-town-jazz\/\" \/>\n<meta property=\"og:site_name\" content=\"Jazzclub 14\" \/>\n<meta property=\"article:modified_time\" content=\"2025-10-01T16:38:36+00:00\" \/>\n<meta name=\"twitter:card\" content=\"summary_large_image\" \/>\n<script type=\"application\/ld+json\" class=\"yoast-schema-graph\">{\"@context\":\"https:\/\/schema.org\",\"@graph\":[{\"@type\":\"WebPage\",\"@id\":\"https:\/\/www.jazzclub14.nl\/de\/twin-town-jazz\/\",\"url\":\"https:\/\/www.jazzclub14.nl\/de\/twin-town-jazz\/\",\"name\":\"Twin Town Jazz - Jazzclub 14\",\"isPartOf\":{\"@id\":\"https:\/\/jazzclub14.nl\/#website\"},\"datePublished\":\"2025-07-23T16:15:03+00:00\",\"dateModified\":\"2025-10-01T16:38:36+00:00\",\"description\":\"Vom 12. bis zum 14. September 2025 findet das Twin Town Jazz Festival statt.Das Festival ist nicht nur ein musikalischer H\u00f6hepunkt, sondern auch ein Ausdruck der lebendigen St\u00e4dtepartnerschaft und der freundschaftlichen Beziehung zwischen unseren beiden St\u00e4dten.\",\"breadcrumb\":{\"@id\":\"https:\/\/www.jazzclub14.nl\/de\/twin-town-jazz\/#breadcrumb\"},\"inLanguage\":\"de\",\"potentialAction\":[{\"@type\":\"ReadAction\",\"target\":[\"https:\/\/www.jazzclub14.nl\/de\/twin-town-jazz\/\"]}]},{\"@type\":\"BreadcrumbList\",\"@id\":\"https:\/\/www.jazzclub14.nl\/de\/twin-town-jazz\/#breadcrumb\",\"itemListElement\":[{\"@type\":\"ListItem\",\"position\":1,\"name\":\"Home\",\"item\":\"https:\/\/www.jazzclub14.nl\/de\/\"},{\"@type\":\"ListItem\",\"position\":2,\"name\":\"Twin Town Jazz\"}]},{\"@type\":\"WebSite\",\"@id\":\"https:\/\/jazzclub14.nl\/#website\",\"url\":\"https:\/\/jazzclub14.nl\/\",\"name\":\"Jazzclub 14\",\"description\":\"Samen verbinden, ontmoeten en genieten\",\"potentialAction\":[{\"@type\":\"SearchAction\",\"target\":{\"@type\":\"EntryPoint\",\"urlTemplate\":\"https:\/\/jazzclub14.nl\/?s={search_term_string}\"},\"query-input\":{\"@type\":\"PropertyValueSpecification\",\"valueRequired\":true,\"valueName\":\"search_term_string\"}}],\"inLanguage\":\"de\"}]}<\/script>\n<!-- \/ Yoast SEO plugin. -->","yoast_head_json":{"title":"Twin Town Jazz - Jazzclub 14","description":"Vom 12. bis zum 14. September 2025 findet das Twin Town Jazz Festival statt.Das Festival ist nicht nur ein musikalischer H\u00f6hepunkt, sondern auch ein Ausdruck der lebendigen St\u00e4dtepartnerschaft und der freundschaftlichen Beziehung zwischen unseren beiden St\u00e4dten.","robots":{"index":"index","follow":"follow","max-snippet":"max-snippet:-1","max-image-preview":"max-image-preview:large","max-video-preview":"max-video-preview:-1"},"canonical":"https:\/\/www.jazzclub14.nl\/de\/twin-town-jazz\/","og_locale":"de_DE","og_type":"article","og_title":"Twin Town Jazz - Jazzclub 14","og_description":"Vom 12. bis zum 14. September 2025 findet das Twin Town Jazz Festival statt.Das Festival ist nicht nur ein musikalischer H\u00f6hepunkt, sondern auch ein Ausdruck der lebendigen St\u00e4dtepartnerschaft und der freundschaftlichen Beziehung zwischen unseren beiden St\u00e4dten.","og_url":"https:\/\/www.jazzclub14.nl\/de\/twin-town-jazz\/","og_site_name":"Jazzclub 14","article_modified_time":"2025-10-01T16:38:36+00:00","twitter_card":"summary_large_image","schema":{"@context":"https:\/\/schema.org","@graph":[{"@type":"WebPage","@id":"https:\/\/www.jazzclub14.nl\/de\/twin-town-jazz\/","url":"https:\/\/www.jazzclub14.nl\/de\/twin-town-jazz\/","name":"Twin Town Jazz - Jazzclub 14","isPartOf":{"@id":"https:\/\/jazzclub14.nl\/#website"},"datePublished":"2025-07-23T16:15:03+00:00","dateModified":"2025-10-01T16:38:36+00:00","description":"Vom 12. bis zum 14. September 2025 findet das Twin Town Jazz Festival statt.Das Festival ist nicht nur ein musikalischer H\u00f6hepunkt, sondern auch ein Ausdruck der lebendigen St\u00e4dtepartnerschaft und der freundschaftlichen Beziehung zwischen unseren beiden St\u00e4dten.","breadcrumb":{"@id":"https:\/\/www.jazzclub14.nl\/de\/twin-town-jazz\/#breadcrumb"},"inLanguage":"de","potentialAction":[{"@type":"ReadAction","target":["https:\/\/www.jazzclub14.nl\/de\/twin-town-jazz\/"]}]},{"@type":"BreadcrumbList","@id":"https:\/\/www.jazzclub14.nl\/de\/twin-town-jazz\/#breadcrumb","itemListElement":[{"@type":"ListItem","position":1,"name":"Home","item":"https:\/\/www.jazzclub14.nl\/de\/"},{"@type":"ListItem","position":2,"name":"Twin Town Jazz"}]},{"@type":"WebSite","@id":"https:\/\/jazzclub14.nl\/#website","url":"https:\/\/jazzclub14.nl\/","name":"Jazzclub 14","description":"Samen verbinden, ontmoeten en genieten","potentialAction":[{"@type":"SearchAction","target":{"@type":"EntryPoint","urlTemplate":"https:\/\/jazzclub14.nl\/?s={search_term_string}"},"query-input":{"@type":"PropertyValueSpecification","valueRequired":true,"valueName":"search_term_string"}}],"inLanguage":"de"}]}},"_links":{"self":[{"href":"https:\/\/www.jazzclub14.nl\/de\/wp-json\/wp\/v2\/pages\/473","targetHints":{"allow":["GET"]}}],"collection":[{"href":"https:\/\/www.jazzclub14.nl\/de\/wp-json\/wp\/v2\/pages"}],"about":[{"href":"https:\/\/www.jazzclub14.nl\/de\/wp-json\/wp\/v2\/types\/page"}],"author":[{"embeddable":true,"href":"https:\/\/www.jazzclub14.nl\/de\/wp-json\/wp\/v2\/users\/1"}],"replies":[{"embeddable":true,"href":"https:\/\/www.jazzclub14.nl\/de\/wp-json\/wp\/v2\/comments?post=473"}],"version-history":[{"count":3,"href":"https:\/\/www.jazzclub14.nl\/de\/wp-json\/wp\/v2\/pages\/473\/revisions"}],"predecessor-version":[{"id":564,"href":"https:\/\/www.jazzclub14.nl\/de\/wp-json\/wp\/v2\/pages\/473\/revisions\/564"}],"wp:attachment":[{"href":"https:\/\/www.jazzclub14.nl\/de\/wp-json\/wp\/v2\/media?parent=473"}],"curies":[{"name":"wp","href":"https:\/\/api.w.org\/{rel}","templated":true}]}}